{"id":13,"date":"2023-12-10T23:19:04","date_gmt":"2023-12-10T23:19:04","guid":{"rendered":"https:\/\/crewquarters.de\/?page_id=13"},"modified":"2023-12-11T23:06:19","modified_gmt":"2023-12-11T22:06:19","slug":"startseite","status":"publish","type":"page","link":"https:\/\/crewquarters.de\/","title":{"rendered":"Startseite"},"content":{"rendered":"\r\n<p><img loading=\"lazy\" decoding=\"async\" class=\"alignnone size-full wp-image-91\" src=\"https:\/\/crewquarters.de\/wp-content\/uploads\/cropped-cropped-CrewQuarter-Logo-4.png\" alt=\"\" width=\"250\" height=\"250\" srcset=\"https:\/\/crewquarters.de\/wp-content\/uploads\/cropped-cropped-CrewQuarter-Logo-4.png 250w, https:\/\/crewquarters.de\/wp-content\/uploads\/cropped-cropped-CrewQuarter-Logo-4-150x150.png 150w, https:\/\/crewquarters.de\/wp-content\/uploads\/cropped-cropped-CrewQuarter-Logo-4-100x100.png 100w\" sizes=\"auto, (max-width: 250px) 100vw, 250px\" \/><\/p>\r\n<p>Die Metropolregionen in Deutschland zeichnen sich durch einen eklatanten Wohnraummangel aus. F\u00fcr kleine Apartments bewerben sich teils hunderte potentielle Mieter.<\/p>\r\n\r\n\r\n\r\n<p>Aus Mietersicht bedeutet das:<\/p>\r\n\r\n\r\n\r\n<ul class=\"wp-block-list\">\r\n<li>Anmeldung in verschiedenen Immobilien-B\u00f6rsen<\/li>\r\n\r\n\r\n\r\n<li>St\u00e4ndige Beobachtung von potentiell interessanten Angeboten<\/li>\r\n\r\n\r\n\r\n<li>Versand von Bewerbungsunterlagen<\/li>\r\n\r\n\r\n\r\n<li>Stundenlange Besichtigungen<\/li>\r\n\r\n\r\n\r\n<li>St\u00e4ndige Ungewissheit, ob der Vermieter zusagt<\/li>\r\n\r\n\r\n\r\n<li>Teils monatelagen Versuche eine Wohnung zu bekommen<\/li>\r\n<\/ul>\r\n\r\n\r\n\r\n<p>Viel Zeit und Geld wird hier aufgewendet.<br \/>Zeit, die eigentlich der Erholung des Mitarbeiters dienen sollte, oder gar Arbeitszeit, die f\u00fcr die Wohnungssuche eingesetzt wird.<\/p>\r\n\r\n\r\n\r\n<p>Dies m\u00f6chten wir f\u00fcr unsere Mitarbeiter und die Mitarbeiter kooperierender Unternehmen k\u00fcnftig einfacher gestalten.<\/p>\r\n","protected":false},"excerpt":{"rendered":"<p>Die Metropolregionen in Deutschland zeichnen sich durch einen eklatanten Wohnraummangel aus. F\u00fcr kleine Apartments bewerben sich teils hunderte potentielle Mieter. Aus Mietersicht bedeutet das: Viel Zeit und Geld wird hier aufgewendet.Zeit, die eigentlich der Erholung des Mitarbeiters dienen sollte, oder gar Arbeitszeit, die f\u00fcr die Wohnungssuche eingesetzt wird. Dies m\u00f6chten wir f\u00fcr unsere Mitarbeiter und &hellip; <\/p>\n<p class=\"link-more\"><a href=\"https:\/\/crewquarters.de\/\" class=\"more-link\"><span class=\"screen-reader-text\">\u201eStartseite\u201c<\/span> weiterlesen<\/a><\/p>\n","protected":false},"author":1,"featured_media":49,"parent":0,"menu_order":0,"comment_status":"closed","ping_status":"closed","template":"","meta":{"footnotes":""},"class_list":["post-13","page","type-page","status-publish","has-post-thumbnail","hentry"],"_links":{"self":[{"href":"https:\/\/crewquarters.de\/index.php?rest_route=\/wp\/v2\/pages\/13","targetHints":{"allow":["GET"]}}],"collection":[{"href":"https:\/\/crewquarters.de\/index.php?rest_route=\/wp\/v2\/pages"}],"about":[{"href":"https:\/\/crewquarters.de\/index.php?rest_route=\/wp\/v2\/types\/page"}],"author":[{"embeddable":true,"href":"https:\/\/crewquarters.de\/index.php?rest_route=\/wp\/v2\/users\/1"}],"replies":[{"embeddable":true,"href":"https:\/\/crewquarters.de\/index.php?rest_route=%2Fwp%2Fv2%2Fcomments&post=13"}],"version-history":[{"count":5,"href":"https:\/\/crewquarters.de\/index.php?rest_route=\/wp\/v2\/pages\/13\/revisions"}],"predecessor-version":[{"id":99,"href":"https:\/\/crewquarters.de\/index.php?rest_route=\/wp\/v2\/pages\/13\/revisions\/99"}],"wp:featuredmedia":[{"embeddable":true,"href":"https:\/\/crewquarters.de\/index.php?rest_route=\/wp\/v2\/media\/49"}],"wp:attachment":[{"href":"https:\/\/crewquarters.de\/index.php?rest_route=%2Fwp%2Fv2%2Fmedia&parent=13"}],"curies":[{"name":"wp","href":"https:\/\/api.w.org\/{rel}","templated":true}]}}