{"id":72,"date":"2023-12-11T09:53:34","date_gmt":"2023-12-11T08:53:34","guid":{"rendered":"https:\/\/crewquarters.de\/?page_id=72"},"modified":"2024-01-29T18:31:35","modified_gmt":"2024-01-29T17:31:35","slug":"impressum-imprint","status":"publish","type":"page","link":"https:\/\/crewquarters.de\/?page_id=72","title":{"rendered":"Impressum &#8211; Imprint"},"content":{"rendered":"\n<p><strong>CrewQuarters Verwaltungs UG (haftungsbeschr\u00e4nkt) <\/strong><br>Am Kirchenh\u00f6lzl 14, 82166 Gr\u00e4felfing, GERMANY<br>+49 89\u2013246 499 80<br>info @ CrewQuarters de<br>Gesch\u00e4ftsf\u00fchrer: Thomas Hoffmann<br>Register Munich HRB 289805<\/p>\n\n\n\n<h3 class=\"wp-block-heading\">&nbsp;<\/h3>\n\n\n\n<h3 class=\"wp-block-heading\"><strong>Nutzungsbedingungen<\/strong><\/h3>\n\n\n\n<h4 class=\"wp-block-heading\">1. Haftung f\u00fcr Inhalte<\/h4>\n\n\n\n<p>S\u00e4mtliche Inhalte unserer Internetseiten sind mit gr\u00f6\u00dftm\u00f6glicher Sorgfalt erstellt worden. Dennoch ist es uns nicht m\u00f6glich, eine Gew\u00e4hr daf\u00fcr zu \u00fcbernehmen, dass diese Inhalte richtig, vollst\u00e4ndig und aktuell sind. Wir sind gem\u00e4\u00df \u00a7 7 Abs. 1 TMG f\u00fcr die eigenen Inhalte auf dieser Internetseite verantwortlich. Gem\u00e4\u00df den \u00a7\u00a7 8, 9 und 10 TMG besteht f\u00fcr uns allerdings keine Verpflichtung, dass wir Informationen von Dritten, die \u00fcbermittelt oder gespeichert wurden, \u00fcberwachen oder Umst\u00e4nde ausforschen m\u00fcsste, die Hinweise auf nicht rechtm\u00e4\u00dfige T\u00e4tigkeiten ergeben. Davon nicht ber\u00fchrt ist die Verpflichtung zur Sperrung oder Entfernung von Informationen, welche mit bestehenden Gesetzten kollidiert. Eine Haftung besteht keinesfalls vor dem Moment, in dem wir von einer konkreten Rechtsverletzung Kenntnis erlangt habe.<\/p>\n\n\n\n<h4 class=\"wp-block-heading\">2. Haftung f\u00fcr Links<\/h4>\n\n\n\n<p>Auf die Inhalte verlinkter Seiten hat der Betreiber keine Einflussm\u00f6glichkeiten. Es ist daher nicht m\u00f6glich, eine Gew\u00e4hr f\u00fcr diese Inhalte zu \u00fcbernehmen. Die Verantwortung daf\u00fcr hat immer der jeweilige Anbieter\/Betreiber der entsprechenden Internetseiten.<\/p>\n\n\n\n<h4 class=\"wp-block-heading\">3. Urheberrecht<\/h4>\n\n\n\n<p>Die auf dieser Internetseite enthaltenen Werke und Inhalte unterstehen dem Urheberrecht. Ohne schriftliche Genehmigung des jeweiligen Erstellers oder Autors d\u00fcrfen die Werke bzw. Inhalte nicht vervielf\u00e4ltigt, bearbeitet, verbreitet und verwertet werden. Das Herunterladen und Kopieren unserer Internetseite ist f\u00fcr den privaten Gebrauch erlaubt, nicht jedoch f\u00fcr den kommerziellen.&nbsp;Die Rechte am verwendeten Bildmaterial liegen teilweise bei <a href=\"https:\/\/pixabay.com\/de\/images\/search\/\">Pixabay<\/a>.<\/p>\n\n\n\n<h4 class=\"wp-block-heading\">4. Datenschutz<\/h4>\n\n\n\n<p>Diese Internetseite kann regelm\u00e4\u00dfig ohne die Angabe von personenbezogenen Daten genutzt werden. Falls solche Daten (z.B. Name, Adresse oder E-Mail) doch erhoben werden sollten, geschieht dies freiwillig. Eine Weitergabe dieser Daten darf nur dann erfolgen, wenn du ausdr\u00fccklich zustimmen. Die \u00dcbertragung von Daten im Internet kann Sicherheitsl\u00fccken beinhalten. Es ist daher m\u00f6glich, dass Dritte Zugriff auf diese Daten erlangen. Ein l\u00fcckenloser Schutz ist nicht m\u00f6glich. Aus diesem Grunde verzichten wir auf die Bereitstellung von Kontaktformularen, Kommentarfeldern, Like-Buttons usw.&nbsp;Wir widersprechen an dieser Stelle der Nutzung unserer Kontaktdaten, die im Impressum ver\u00f6ffentlicht wurden, durch Dritte, die damit nicht verlangte Werbung\/Informationsmaterial\/Spam-Mails zukommen lassen oder zukommen lassen wollen.<\/p>\n\n\n\n<h3 class=\"wp-block-heading\"><strong>Disclaimer<\/strong><\/h3>\n\n\n\n<h4 class=\"wp-block-heading\">1. Liability for content<\/h4>\n\n\n\n<p>All content on our website has been created with the greatest possible care. Nevertheless, we can not guarantee that this content is correct, complete and up-to-date. In accordance with \u00a7 7 para. 1 German TMG (Medial-law), we are only responsible for our own content on this website. In accordance with \u00a7\u00a7 8, 9 and 10 TMG, however, we have no obligation to monitor information from third parties that have been transmitted or stored, or to investigate circumstances that give evidence of unlawful activities. This does not affect the obligation to block or remove information that conflicts with existing laws. A liability does not exist before the moment in which we have become aware of a concrete infringement.<\/p>\n\n\n\n<h4 class=\"wp-block-heading\">2. Liability for links<\/h4>\n\n\n\n<p>The operator has no influence on the contents of linked pages. It is therefore not possible to guarantee this content. The responsibility for this always lies with the respective provider \/ operator of the respective internet pages.<\/p>\n\n\n\n<h4 class=\"wp-block-heading\">3. Copyright<\/h4>\n\n\n\n<p>The works and contents contained on this website are subject to copyright. Without written permission of the respective author or author, the works or contents may not be reproduced, edited, distributed or exploited. Downloading and copying our website is permitted for private use, but not for commercial use.&nbsp;The rights to the images used are partially owned by <a href=\"https:\/\/pixabay.com\/de\/images\/search\/\">Pixabay<\/a>.<\/p>\n\n\n\n<h4 class=\"wp-block-heading\">4. Privacy<\/h4>\n\n\n\n<p>This website can be used regularly without the provision of personal data. If such data (e.g., name, address or e-mail) is collected, it will be always voluntarily. A disclosure of this data may only be made if you expressly agree. The transmission of data on the Internet may contain vulnerabilities. It is therefore possible for third parties to gain access to this data. A complete protection is not possible. For this reason, we do not use contact forms, comment fields, like buttons, etc.&nbsp;We disagree with the use of our contact data, which was published in the imprint, by third parties who want to send unsolicited advertising \/ information material \/ spam e-mails.<\/p>\n","protected":false},"excerpt":{"rendered":"<p>CrewQuarters Verwaltungs UG (haftungsbeschr\u00e4nkt) Am Kirchenh\u00f6lzl 14, 82166 Gr\u00e4felfing, GERMANY+49 89\u2013246 499 80info @ CrewQuarters deGesch\u00e4ftsf\u00fchrer: Thomas HoffmannRegister Munich HRB 289805 &nbsp; Nutzungsbedingungen 1. Haftung f\u00fcr Inhalte S\u00e4mtliche Inhalte unserer Internetseiten sind mit gr\u00f6\u00dftm\u00f6glicher Sorgfalt erstellt worden. Dennoch ist es uns nicht m\u00f6glich, eine Gew\u00e4hr daf\u00fcr zu \u00fcbernehmen, dass diese Inhalte richtig, vollst\u00e4ndig und aktuell &hellip; <\/p>\n<p class=\"link-more\"><a href=\"https:\/\/crewquarters.de\/?page_id=72\" class=\"more-link\"><span class=\"screen-reader-text\">\u201eImpressum &#8211; Imprint\u201c<\/span> weiterlesen<\/a><\/p>\n","protected":false},"author":1,"featured_media":0,"parent":0,"menu_order":0,"comment_status":"closed","ping_status":"closed","template":"","meta":{"footnotes":""},"class_list":["post-72","page","type-page","status-publish","hentry"],"_links":{"self":[{"href":"https:\/\/crewquarters.de\/index.php?rest_route=\/wp\/v2\/pages\/72","targetHints":{"allow":["GET"]}}],"collection":[{"href":"https:\/\/crewquarters.de\/index.php?rest_route=\/wp\/v2\/pages"}],"about":[{"href":"https:\/\/crewquarters.de\/index.php?rest_route=\/wp\/v2\/types\/page"}],"author":[{"embeddable":true,"href":"https:\/\/crewquarters.de\/index.php?rest_route=\/wp\/v2\/users\/1"}],"replies":[{"embeddable":true,"href":"https:\/\/crewquarters.de\/index.php?rest_route=%2Fwp%2Fv2%2Fcomments&post=72"}],"version-history":[{"count":7,"href":"https:\/\/crewquarters.de\/index.php?rest_route=\/wp\/v2\/pages\/72\/revisions"}],"predecessor-version":[{"id":118,"href":"https:\/\/crewquarters.de\/index.php?rest_route=\/wp\/v2\/pages\/72\/revisions\/118"}],"wp:attachment":[{"href":"https:\/\/crewquarters.de\/index.php?rest_route=%2Fwp%2Fv2%2Fmedia&parent=72"}],"curies":[{"name":"wp","href":"https:\/\/api.w.org\/{rel}","templated":true}]}}